{"id":2360,"date":"2023-12-27T19:06:12","date_gmt":"2023-12-27T19:06:12","guid":{"rendered":"https:\/\/www.jloisbocos.com\/?page_id=2360"},"modified":"2025-05-07T18:13:32","modified_gmt":"2025-05-07T18:13:32","slug":"tecnologia-aplicada-a-la-arquitectura","status":"publish","type":"page","link":"https:\/\/www.jloisbocos.com\/pt-pt\/servicios\/scanner-3d-fotogrametria\/tecnologia-aplicada-a-la-arquitectura\/","title":{"rendered":"Tecnolog\u00eda aplicada a la arquitectura"},"content":{"rendered":"\n<p><strong>Explora la Innovaci\u00f3n con escaneos 3D de Matterport y LIDAR o L\u00e1ser<\/strong><\/p>\n\n\n\n<p>En el mundo din\u00e1mico de la arquitectura y la construcci\u00f3n, la precisi\u00f3n y la eficiencia son clave. Nuestros servicios de escaneo de edificios con la tecnolog\u00eda avanzada de Matterport y l\u00e1ser ofrecen una soluci\u00f3n revolucionaria para estudios de arquitectura y empresas constructoras.<\/p>\n\n\n\n<h3 class=\"wp-block-heading\">Matterport: Explora espacios en detalle virtualmente<\/h3>\n\n\n\n<p>Captura de espacios tridimensionales de manera inmersiva, permiti\u00e9ndote explorar cada rinc\u00f3n de un edificio desde la comodidad de tu escritorio. Este escaneo detallado no solo agiliza el proceso de dise\u00f1o, sino que tambi\u00e9n facilita la comunicaci\u00f3n entre los equipos, asegurando una comprensi\u00f3n completa de cada proyecto.<\/p>\n\n\n\n<h3 class=\"wp-block-heading\">Lidar o L\u00e1ser: Precisi\u00f3n Milim\u00e9trica para Detalles Cruciales<\/h3>\n\n\n\n<p>Los servicios de escaneo l\u00e1ser garantizan la precisi\u00f3n necesaria en cada etapa del proceso constructivo. Capturamos detalles con alta precisi\u00f3n, proporcionando datos exactos sobre la estructura y la geometr\u00eda del espacio o edificio. Esto no solo optimiza la planificaci\u00f3n y ejecuci\u00f3n, sino que tambi\u00e9n minimiza los posibles errores en el dise\u00f1o y la construcci\u00f3n.<\/p>\n","protected":false},"excerpt":{"rendered":"<p>Explora la Innovaci\u00f3n con escaneos 3D de Matterport y LIDAR o L\u00e1ser En el mundo din\u00e1mico de la arquitectura y la construcci\u00f3n, la precisi\u00f3n y la eficiencia son clave. Nuestros servicios de escaneo de edificios con la tecnolog\u00eda avanzada de Matterport y l\u00e1ser ofrecen una soluci\u00f3n revolucionaria para estudios de arquitectura y empresas constructoras. Matterport: [&hellip;]<\/p>\n","protected":false},"author":1,"featured_media":0,"parent":639,"menu_order":0,"comment_status":"closed","ping_status":"closed","template":"page-fotografia-parent.php","meta":{"_acf_changed":false,"footnotes":""},"class_list":["post-2360","page","type-page","status-publish","hentry"],"acf":[],"yoast_head":"<!-- This site is optimized with the Yoast SEO plugin v26.6 - https:\/\/yoast.com\/wordpress\/plugins\/seo\/ -->\n<title>Tecnolog\u00eda aplicada a la arquitectura - Jloisbocos<\/title>\n<meta name=\"robots\" content=\"noindex, follow, max-snippet:-1, max-image-preview:large, max-video-preview:-1\" \/>\n<meta property=\"og:locale\" content=\"pt_PT\" \/>\n<meta property=\"og:type\" content=\"article\" \/>\n<meta property=\"og:title\" content=\"Tecnolog\u00eda aplicada a la arquitectura - Jloisbocos\" \/>\n<meta property=\"og:description\" content=\"Explora la Innovaci\u00f3n con escaneos 3D de Matterport y LIDAR o L\u00e1ser En el mundo din\u00e1mico de la arquitectura y la construcci\u00f3n, la precisi\u00f3n y la eficiencia son clave. Nuestros servicios de escaneo de edificios con la tecnolog\u00eda avanzada de Matterport y l\u00e1ser ofrecen una soluci\u00f3n revolucionaria para estudios de arquitectura y empresas constructoras. Matterport: [&hellip;]\" \/>\n<meta property=\"og:url\" content=\"https:\/\/www.jloisbocos.com\/pt-pt\/servicios\/scanner-3d-fotogrametria\/tecnologia-aplicada-a-la-arquitectura\/\" \/>\n<meta property=\"og:site_name\" content=\"Jloisbocos\" \/>\n<meta property=\"article:modified_time\" content=\"2025-05-07T18:13:32+00:00\" \/>\n<meta name=\"twitter:card\" content=\"summary_large_image\" \/>\n<meta name=\"twitter:label1\" content=\"Tempo estimado de leitura\" \/>\n\t<meta name=\"twitter:data1\" content=\"1 minuto\" \/>\n<script type=\"application\/ld+json\" class=\"yoast-schema-graph\">{\"@context\":\"https:\/\/schema.org\",\"@graph\":[{\"@type\":\"WebPage\",\"@id\":\"https:\/\/www.jloisbocos.com\/pt-pt\/servicios\/scanner-3d-fotogrametria\/tecnologia-aplicada-a-la-arquitectura\/\",\"url\":\"https:\/\/www.jloisbocos.com\/pt-pt\/servicios\/scanner-3d-fotogrametria\/tecnologia-aplicada-a-la-arquitectura\/\",\"name\":\"Tecnolog\u00eda aplicada a la arquitectura - Jloisbocos\",\"isPartOf\":{\"@id\":\"https:\/\/www.jloisbocos.com\/pt-pt\/#website\"},\"datePublished\":\"2023-12-27T19:06:12+00:00\",\"dateModified\":\"2025-05-07T18:13:32+00:00\",\"breadcrumb\":{\"@id\":\"https:\/\/www.jloisbocos.com\/pt-pt\/servicios\/scanner-3d-fotogrametria\/tecnologia-aplicada-a-la-arquitectura\/#breadcrumb\"},\"inLanguage\":\"pt-PT\",\"potentialAction\":[{\"@type\":\"ReadAction\",\"target\":[\"https:\/\/www.jloisbocos.com\/pt-pt\/servicios\/scanner-3d-fotogrametria\/tecnologia-aplicada-a-la-arquitectura\/\"]}]},{\"@type\":\"BreadcrumbList\",\"@id\":\"https:\/\/www.jloisbocos.com\/pt-pt\/servicios\/scanner-3d-fotogrametria\/tecnologia-aplicada-a-la-arquitectura\/#breadcrumb\",\"itemListElement\":[{\"@type\":\"ListItem\",\"position\":1,\"name\":\"In\u00edcio\",\"item\":\"https:\/\/www.jloisbocos.com\/pt-pt\/\"},{\"@type\":\"ListItem\",\"position\":2,\"name\":\"Servicios\",\"item\":\"https:\/\/www.jloisbocos.com\/pt-pt\/servicios\/\"},{\"@type\":\"ListItem\",\"position\":3,\"name\":\"Scanner 3D Y fotogrametr\u00eda\",\"item\":\"https:\/\/www.jloisbocos.com\/pt-pt\/servicios\/scanner-3d-fotogrametria\/\"},{\"@type\":\"ListItem\",\"position\":4,\"name\":\"Tecnolog\u00eda aplicada a la arquitectura\"}]},{\"@type\":\"WebSite\",\"@id\":\"https:\/\/www.jloisbocos.com\/pt-pt\/#website\",\"url\":\"https:\/\/www.jloisbocos.com\/pt-pt\/\",\"name\":\"Jloisbocos\",\"description\":\"Fotogr\u00e1fia, dise\u00f1o y 3Dscan\",\"publisher\":{\"@id\":\"https:\/\/www.jloisbocos.com\/pt-pt\/#organization\"},\"potentialAction\":[{\"@type\":\"SearchAction\",\"target\":{\"@type\":\"EntryPoint\",\"urlTemplate\":\"https:\/\/www.jloisbocos.com\/pt-pt\/?s={search_term_string}\"},\"query-input\":{\"@type\":\"PropertyValueSpecification\",\"valueRequired\":true,\"valueName\":\"search_term_string\"}}],\"inLanguage\":\"pt-PT\"},{\"@type\":\"Organization\",\"@id\":\"https:\/\/www.jloisbocos.com\/pt-pt\/#organization\",\"name\":\"Jloisbocos\",\"url\":\"https:\/\/www.jloisbocos.com\/pt-pt\/\",\"logo\":{\"@type\":\"ImageObject\",\"inLanguage\":\"pt-PT\",\"@id\":\"https:\/\/www.jloisbocos.com\/pt-pt\/#\/schema\/logo\/image\/\",\"url\":\"https:\/\/www.jloisbocos.com\/wp-content\/uploads\/2022\/12\/logo.png\",\"contentUrl\":\"https:\/\/www.jloisbocos.com\/wp-content\/uploads\/2022\/12\/logo.png\",\"width\":208,\"height\":42,\"caption\":\"Jloisbocos\"},\"image\":{\"@id\":\"https:\/\/www.jloisbocos.com\/pt-pt\/#\/schema\/logo\/image\/\"}}]}<\/script>\n<!-- \/ Yoast SEO plugin. -->","yoast_head_json":{"title":"Tecnolog\u00eda aplicada a la arquitectura - Jloisbocos","robots":{"index":"noindex","follow":"follow","max-snippet":"max-snippet:-1","max-image-preview":"max-image-preview:large","max-video-preview":"max-video-preview:-1"},"og_locale":"pt_PT","og_type":"article","og_title":"Tecnolog\u00eda aplicada a la arquitectura - Jloisbocos","og_description":"Explora la Innovaci\u00f3n con escaneos 3D de Matterport y LIDAR o L\u00e1ser En el mundo din\u00e1mico de la arquitectura y la construcci\u00f3n, la precisi\u00f3n y la eficiencia son clave. Nuestros servicios de escaneo de edificios con la tecnolog\u00eda avanzada de Matterport y l\u00e1ser ofrecen una soluci\u00f3n revolucionaria para estudios de arquitectura y empresas constructoras. Matterport: [&hellip;]","og_url":"https:\/\/www.jloisbocos.com\/pt-pt\/servicios\/scanner-3d-fotogrametria\/tecnologia-aplicada-a-la-arquitectura\/","og_site_name":"Jloisbocos","article_modified_time":"2025-05-07T18:13:32+00:00","twitter_card":"summary_large_image","twitter_misc":{"Tempo estimado de leitura":"1 minuto"},"schema":{"@context":"https:\/\/schema.org","@graph":[{"@type":"WebPage","@id":"https:\/\/www.jloisbocos.com\/pt-pt\/servicios\/scanner-3d-fotogrametria\/tecnologia-aplicada-a-la-arquitectura\/","url":"https:\/\/www.jloisbocos.com\/pt-pt\/servicios\/scanner-3d-fotogrametria\/tecnologia-aplicada-a-la-arquitectura\/","name":"Tecnolog\u00eda aplicada a la arquitectura - Jloisbocos","isPartOf":{"@id":"https:\/\/www.jloisbocos.com\/pt-pt\/#website"},"datePublished":"2023-12-27T19:06:12+00:00","dateModified":"2025-05-07T18:13:32+00:00","breadcrumb":{"@id":"https:\/\/www.jloisbocos.com\/pt-pt\/servicios\/scanner-3d-fotogrametria\/tecnologia-aplicada-a-la-arquitectura\/#breadcrumb"},"inLanguage":"pt-PT","potentialAction":[{"@type":"ReadAction","target":["https:\/\/www.jloisbocos.com\/pt-pt\/servicios\/scanner-3d-fotogrametria\/tecnologia-aplicada-a-la-arquitectura\/"]}]},{"@type":"BreadcrumbList","@id":"https:\/\/www.jloisbocos.com\/pt-pt\/servicios\/scanner-3d-fotogrametria\/tecnologia-aplicada-a-la-arquitectura\/#breadcrumb","itemListElement":[{"@type":"ListItem","position":1,"name":"In\u00edcio","item":"https:\/\/www.jloisbocos.com\/pt-pt\/"},{"@type":"ListItem","position":2,"name":"Servicios","item":"https:\/\/www.jloisbocos.com\/pt-pt\/servicios\/"},{"@type":"ListItem","position":3,"name":"Scanner 3D Y fotogrametr\u00eda","item":"https:\/\/www.jloisbocos.com\/pt-pt\/servicios\/scanner-3d-fotogrametria\/"},{"@type":"ListItem","position":4,"name":"Tecnolog\u00eda aplicada a la arquitectura"}]},{"@type":"WebSite","@id":"https:\/\/www.jloisbocos.com\/pt-pt\/#website","url":"https:\/\/www.jloisbocos.com\/pt-pt\/","name":"Jloisbocos","description":"Fotogr\u00e1fia, dise\u00f1o y 3Dscan","publisher":{"@id":"https:\/\/www.jloisbocos.com\/pt-pt\/#organization"},"potentialAction":[{"@type":"SearchAction","target":{"@type":"EntryPoint","urlTemplate":"https:\/\/www.jloisbocos.com\/pt-pt\/?s={search_term_string}"},"query-input":{"@type":"PropertyValueSpecification","valueRequired":true,"valueName":"search_term_string"}}],"inLanguage":"pt-PT"},{"@type":"Organization","@id":"https:\/\/www.jloisbocos.com\/pt-pt\/#organization","name":"Jloisbocos","url":"https:\/\/www.jloisbocos.com\/pt-pt\/","logo":{"@type":"ImageObject","inLanguage":"pt-PT","@id":"https:\/\/www.jloisbocos.com\/pt-pt\/#\/schema\/logo\/image\/","url":"https:\/\/www.jloisbocos.com\/wp-content\/uploads\/2022\/12\/logo.png","contentUrl":"https:\/\/www.jloisbocos.com\/wp-content\/uploads\/2022\/12\/logo.png","width":208,"height":42,"caption":"Jloisbocos"},"image":{"@id":"https:\/\/www.jloisbocos.com\/pt-pt\/#\/schema\/logo\/image\/"}}]}},"jetpack_sharing_enabled":true,"_links":{"self":[{"href":"https:\/\/www.jloisbocos.com\/pt-pt\/wp-json\/wp\/v2\/pages\/2360","targetHints":{"allow":["GET"]}}],"collection":[{"href":"https:\/\/www.jloisbocos.com\/pt-pt\/wp-json\/wp\/v2\/pages"}],"about":[{"href":"https:\/\/www.jloisbocos.com\/pt-pt\/wp-json\/wp\/v2\/types\/page"}],"author":[{"embeddable":true,"href":"https:\/\/www.jloisbocos.com\/pt-pt\/wp-json\/wp\/v2\/users\/1"}],"replies":[{"embeddable":true,"href":"https:\/\/www.jloisbocos.com\/pt-pt\/wp-json\/wp\/v2\/comments?post=2360"}],"version-history":[{"count":33,"href":"https:\/\/www.jloisbocos.com\/pt-pt\/wp-json\/wp\/v2\/pages\/2360\/revisions"}],"predecessor-version":[{"id":2781,"href":"https:\/\/www.jloisbocos.com\/pt-pt\/wp-json\/wp\/v2\/pages\/2360\/revisions\/2781"}],"up":[{"embeddable":true,"href":"https:\/\/www.jloisbocos.com\/pt-pt\/wp-json\/wp\/v2\/pages\/639"}],"wp:attachment":[{"href":"https:\/\/www.jloisbocos.com\/pt-pt\/wp-json\/wp\/v2\/media?parent=2360"}],"curies":[{"name":"wp","href":"https:\/\/api.w.org\/{rel}","templated":true}]}}