{"id":25,"date":"2022-12-04T12:12:56","date_gmt":"2022-12-04T12:12:56","guid":{"rendered":"https:\/\/www.jloisbocos.com\/?page_id=25"},"modified":"2025-08-06T10:27:54","modified_gmt":"2025-08-06T10:27:54","slug":"fotografia-producto","status":"publish","type":"page","link":"https:\/\/www.jloisbocos.com\/pt-pt\/servicios\/fotografia\/fotografia-producto\/","title":{"rendered":"Fotograf\u00eda de producto"},"content":{"rendered":"\n<p>Nos especializamos en resaltar la esencia y la calidad de tus productos, capturamos cada detalle para presentar tus productos de manera atractiva.<\/p>\n\n\n\n<p>Combinamos creatividad visual con precisi\u00f3n t\u00e9cnica. Colaboramos estrechamente contigo para entender la identidad de tu marca y las caracter\u00edsticas \u00fanicas de tus productos. Ya sean art\u00edculos de moda, tecnolog\u00eda, alimentos u otros, generando un impacto visual significativo.<\/p>\n\n\n\n<p>Desde fondos limpios y elegantes hasta composiciones din\u00e1micas, cada fotograf\u00eda est\u00e1 cuidadosamente pensada para transmitir profesionalismo y atraer a tu p\u00fablico objetivo. Comprometidos con la entrega de resultados de alta calidad que reflejen la excelencia de tus productos.<\/p>\n\n\n\n<p><\/p>\n","protected":false},"excerpt":{"rendered":"<p>Nos especializamos en resaltar la esencia y la calidad de tus productos, capturamos cada detalle para presentar tus productos de manera atractiva. Combinamos creatividad visual con precisi\u00f3n t\u00e9cnica. Colaboramos estrechamente contigo para entender la identidad de tu marca y las caracter\u00edsticas \u00fanicas de tus productos. Ya sean art\u00edculos de moda, tecnolog\u00eda, alimentos u otros, generando [&hellip;]<\/p>\n","protected":false},"author":1,"featured_media":0,"parent":11,"menu_order":0,"comment_status":"closed","ping_status":"closed","template":"page-fotografia-parent.php","meta":{"_acf_changed":false,"footnotes":""},"class_list":["post-25","page","type-page","status-publish","hentry"],"acf":[],"yoast_head":"<!-- This site is optimized with the Yoast SEO plugin v26.6 - https:\/\/yoast.com\/wordpress\/plugins\/seo\/ -->\n<title>Fotograf\u00eda de producto - Jloisbocos<\/title>\n<meta name=\"robots\" content=\"noindex, follow, max-snippet:-1, max-image-preview:large, max-video-preview:-1\" \/>\n<meta property=\"og:locale\" content=\"pt_PT\" \/>\n<meta property=\"og:type\" content=\"article\" \/>\n<meta property=\"og:title\" content=\"Fotograf\u00eda de producto - Jloisbocos\" \/>\n<meta property=\"og:description\" content=\"Nos especializamos en resaltar la esencia y la calidad de tus productos, capturamos cada detalle para presentar tus productos de manera atractiva. Combinamos creatividad visual con precisi\u00f3n t\u00e9cnica. Colaboramos estrechamente contigo para entender la identidad de tu marca y las caracter\u00edsticas \u00fanicas de tus productos. Ya sean art\u00edculos de moda, tecnolog\u00eda, alimentos u otros, generando [&hellip;]\" \/>\n<meta property=\"og:url\" content=\"https:\/\/www.jloisbocos.com\/pt-pt\/servicios\/fotografia\/fotografia-producto\/\" \/>\n<meta property=\"og:site_name\" content=\"Jloisbocos\" \/>\n<meta property=\"article:modified_time\" content=\"2025-08-06T10:27:54+00:00\" \/>\n<meta name=\"twitter:card\" content=\"summary_large_image\" \/>\n<meta name=\"twitter:label1\" content=\"Tempo estimado de leitura\" \/>\n\t<meta name=\"twitter:data1\" content=\"1 minuto\" \/>\n<script type=\"application\/ld+json\" class=\"yoast-schema-graph\">{\"@context\":\"https:\/\/schema.org\",\"@graph\":[{\"@type\":\"WebPage\",\"@id\":\"https:\/\/www.jloisbocos.com\/pt-pt\/servicios\/fotografia\/fotografia-producto\/\",\"url\":\"https:\/\/www.jloisbocos.com\/pt-pt\/servicios\/fotografia\/fotografia-producto\/\",\"name\":\"Fotograf\u00eda de producto - Jloisbocos\",\"isPartOf\":{\"@id\":\"https:\/\/www.jloisbocos.com\/pt-pt\/#website\"},\"datePublished\":\"2022-12-04T12:12:56+00:00\",\"dateModified\":\"2025-08-06T10:27:54+00:00\",\"breadcrumb\":{\"@id\":\"https:\/\/www.jloisbocos.com\/pt-pt\/servicios\/fotografia\/fotografia-producto\/#breadcrumb\"},\"inLanguage\":\"pt-PT\",\"potentialAction\":[{\"@type\":\"ReadAction\",\"target\":[\"https:\/\/www.jloisbocos.com\/pt-pt\/servicios\/fotografia\/fotografia-producto\/\"]}]},{\"@type\":\"BreadcrumbList\",\"@id\":\"https:\/\/www.jloisbocos.com\/pt-pt\/servicios\/fotografia\/fotografia-producto\/#breadcrumb\",\"itemListElement\":[{\"@type\":\"ListItem\",\"position\":1,\"name\":\"In\u00edcio\",\"item\":\"https:\/\/www.jloisbocos.com\/pt-pt\/\"},{\"@type\":\"ListItem\",\"position\":2,\"name\":\"Servicios\",\"item\":\"https:\/\/www.jloisbocos.com\/pt-pt\/servicios\/\"},{\"@type\":\"ListItem\",\"position\":3,\"name\":\"Fotograf\u00eda\",\"item\":\"https:\/\/www.jloisbocos.com\/pt-pt\/servicios\/fotografia\/\"},{\"@type\":\"ListItem\",\"position\":4,\"name\":\"Fotograf\u00eda de producto\"}]},{\"@type\":\"WebSite\",\"@id\":\"https:\/\/www.jloisbocos.com\/pt-pt\/#website\",\"url\":\"https:\/\/www.jloisbocos.com\/pt-pt\/\",\"name\":\"Jloisbocos\",\"description\":\"Fotogr\u00e1fia, dise\u00f1o y 3Dscan\",\"publisher\":{\"@id\":\"https:\/\/www.jloisbocos.com\/pt-pt\/#organization\"},\"potentialAction\":[{\"@type\":\"SearchAction\",\"target\":{\"@type\":\"EntryPoint\",\"urlTemplate\":\"https:\/\/www.jloisbocos.com\/pt-pt\/?s={search_term_string}\"},\"query-input\":{\"@type\":\"PropertyValueSpecification\",\"valueRequired\":true,\"valueName\":\"search_term_string\"}}],\"inLanguage\":\"pt-PT\"},{\"@type\":\"Organization\",\"@id\":\"https:\/\/www.jloisbocos.com\/pt-pt\/#organization\",\"name\":\"Jloisbocos\",\"url\":\"https:\/\/www.jloisbocos.com\/pt-pt\/\",\"logo\":{\"@type\":\"ImageObject\",\"inLanguage\":\"pt-PT\",\"@id\":\"https:\/\/www.jloisbocos.com\/pt-pt\/#\/schema\/logo\/image\/\",\"url\":\"https:\/\/www.jloisbocos.com\/wp-content\/uploads\/2022\/12\/logo.png\",\"contentUrl\":\"https:\/\/www.jloisbocos.com\/wp-content\/uploads\/2022\/12\/logo.png\",\"width\":208,\"height\":42,\"caption\":\"Jloisbocos\"},\"image\":{\"@id\":\"https:\/\/www.jloisbocos.com\/pt-pt\/#\/schema\/logo\/image\/\"}}]}<\/script>\n<!-- \/ Yoast SEO plugin. -->","yoast_head_json":{"title":"Fotograf\u00eda de producto - Jloisbocos","robots":{"index":"noindex","follow":"follow","max-snippet":"max-snippet:-1","max-image-preview":"max-image-preview:large","max-video-preview":"max-video-preview:-1"},"og_locale":"pt_PT","og_type":"article","og_title":"Fotograf\u00eda de producto - Jloisbocos","og_description":"Nos especializamos en resaltar la esencia y la calidad de tus productos, capturamos cada detalle para presentar tus productos de manera atractiva. Combinamos creatividad visual con precisi\u00f3n t\u00e9cnica. Colaboramos estrechamente contigo para entender la identidad de tu marca y las caracter\u00edsticas \u00fanicas de tus productos. Ya sean art\u00edculos de moda, tecnolog\u00eda, alimentos u otros, generando [&hellip;]","og_url":"https:\/\/www.jloisbocos.com\/pt-pt\/servicios\/fotografia\/fotografia-producto\/","og_site_name":"Jloisbocos","article_modified_time":"2025-08-06T10:27:54+00:00","twitter_card":"summary_large_image","twitter_misc":{"Tempo estimado de leitura":"1 minuto"},"schema":{"@context":"https:\/\/schema.org","@graph":[{"@type":"WebPage","@id":"https:\/\/www.jloisbocos.com\/pt-pt\/servicios\/fotografia\/fotografia-producto\/","url":"https:\/\/www.jloisbocos.com\/pt-pt\/servicios\/fotografia\/fotografia-producto\/","name":"Fotograf\u00eda de producto - Jloisbocos","isPartOf":{"@id":"https:\/\/www.jloisbocos.com\/pt-pt\/#website"},"datePublished":"2022-12-04T12:12:56+00:00","dateModified":"2025-08-06T10:27:54+00:00","breadcrumb":{"@id":"https:\/\/www.jloisbocos.com\/pt-pt\/servicios\/fotografia\/fotografia-producto\/#breadcrumb"},"inLanguage":"pt-PT","potentialAction":[{"@type":"ReadAction","target":["https:\/\/www.jloisbocos.com\/pt-pt\/servicios\/fotografia\/fotografia-producto\/"]}]},{"@type":"BreadcrumbList","@id":"https:\/\/www.jloisbocos.com\/pt-pt\/servicios\/fotografia\/fotografia-producto\/#breadcrumb","itemListElement":[{"@type":"ListItem","position":1,"name":"In\u00edcio","item":"https:\/\/www.jloisbocos.com\/pt-pt\/"},{"@type":"ListItem","position":2,"name":"Servicios","item":"https:\/\/www.jloisbocos.com\/pt-pt\/servicios\/"},{"@type":"ListItem","position":3,"name":"Fotograf\u00eda","item":"https:\/\/www.jloisbocos.com\/pt-pt\/servicios\/fotografia\/"},{"@type":"ListItem","position":4,"name":"Fotograf\u00eda de producto"}]},{"@type":"WebSite","@id":"https:\/\/www.jloisbocos.com\/pt-pt\/#website","url":"https:\/\/www.jloisbocos.com\/pt-pt\/","name":"Jloisbocos","description":"Fotogr\u00e1fia, dise\u00f1o y 3Dscan","publisher":{"@id":"https:\/\/www.jloisbocos.com\/pt-pt\/#organization"},"potentialAction":[{"@type":"SearchAction","target":{"@type":"EntryPoint","urlTemplate":"https:\/\/www.jloisbocos.com\/pt-pt\/?s={search_term_string}"},"query-input":{"@type":"PropertyValueSpecification","valueRequired":true,"valueName":"search_term_string"}}],"inLanguage":"pt-PT"},{"@type":"Organization","@id":"https:\/\/www.jloisbocos.com\/pt-pt\/#organization","name":"Jloisbocos","url":"https:\/\/www.jloisbocos.com\/pt-pt\/","logo":{"@type":"ImageObject","inLanguage":"pt-PT","@id":"https:\/\/www.jloisbocos.com\/pt-pt\/#\/schema\/logo\/image\/","url":"https:\/\/www.jloisbocos.com\/wp-content\/uploads\/2022\/12\/logo.png","contentUrl":"https:\/\/www.jloisbocos.com\/wp-content\/uploads\/2022\/12\/logo.png","width":208,"height":42,"caption":"Jloisbocos"},"image":{"@id":"https:\/\/www.jloisbocos.com\/pt-pt\/#\/schema\/logo\/image\/"}}]}},"jetpack_sharing_enabled":true,"_links":{"self":[{"href":"https:\/\/www.jloisbocos.com\/pt-pt\/wp-json\/wp\/v2\/pages\/25","targetHints":{"allow":["GET"]}}],"collection":[{"href":"https:\/\/www.jloisbocos.com\/pt-pt\/wp-json\/wp\/v2\/pages"}],"about":[{"href":"https:\/\/www.jloisbocos.com\/pt-pt\/wp-json\/wp\/v2\/types\/page"}],"author":[{"embeddable":true,"href":"https:\/\/www.jloisbocos.com\/pt-pt\/wp-json\/wp\/v2\/users\/1"}],"replies":[{"embeddable":true,"href":"https:\/\/www.jloisbocos.com\/pt-pt\/wp-json\/wp\/v2\/comments?post=25"}],"version-history":[{"count":19,"href":"https:\/\/www.jloisbocos.com\/pt-pt\/wp-json\/wp\/v2\/pages\/25\/revisions"}],"predecessor-version":[{"id":2794,"href":"https:\/\/www.jloisbocos.com\/pt-pt\/wp-json\/wp\/v2\/pages\/25\/revisions\/2794"}],"up":[{"embeddable":true,"href":"https:\/\/www.jloisbocos.com\/pt-pt\/wp-json\/wp\/v2\/pages\/11"}],"wp:attachment":[{"href":"https:\/\/www.jloisbocos.com\/pt-pt\/wp-json\/wp\/v2\/media?parent=25"}],"curies":[{"name":"wp","href":"https:\/\/api.w.org\/{rel}","templated":true}]}}