{"id":387,"date":"2023-02-22T15:07:22","date_gmt":"2023-02-22T15:07:22","guid":{"rendered":"https:\/\/www.jloisbocos.com\/?page_id=387"},"modified":"2025-01-23T12:07:51","modified_gmt":"2025-01-23T12:07:51","slug":"diseno","status":"publish","type":"page","link":"https:\/\/www.jloisbocos.com\/pt-pt\/servicios\/diseno\/","title":{"rendered":"Dise\u00f1o Gr\u00e1fico"},"content":{"rendered":"\n<h3 class=\"wp-block-heading\">Servicios en dise\u00f1o y comunicaci\u00f3n gr\u00e1fica. <\/h3>\n\n\n\n<p>Con gran experiencia en dise\u00f1o editorial, dise\u00f1o publicit\u00e1rio, y de packaging y dise\u00f1o y desarrollo web. Gestionando y haciendo seguimiento de impresi\u00f3n para poder garantizar los mejores resultados.<\/p>\n\n\n\n<p>Ideamos, desarrollamos y aplicamos estrategias de comunicaci\u00f3n integrales, desde la Identidad corporativa, fotograf\u00eda y publicidad, hasta el dise\u00f1o de aplicaciones y desarrollo web. Ofrecemos a nuestros clientes de herramientas de comunicaci\u00f3n y marketing digital que les permitan mostrar sus valores y alcanzar sus metas.<\/p>\n\n\n\n<p>La planificaci\u00f3n al servicio de la eficacia, utilizando los medios a nuestro alcance para conseguir unos objetivos predeterminados, en el menor tiempo posible. Cumplimos plazos de entrega, somos creativos y proponemos soluciones efectivas.<\/p>\n\n\n\n<ul class=\"wp-block-list\">\n<li>Dise\u00f1o de packaging y etiquetas de vino<\/li>\n\n\n\n<li>Dise\u00f1o editorial<\/li>\n\n\n\n<li>Dise\u00f1o web<\/li>\n\n\n\n<li>Dise\u00f1o para eventos<\/li>\n\n\n\n<li>Dise\u00f1o publicit\u00e1rio<\/li>\n\n\n\n<li>Dise\u00f1o para RSS<\/li>\n<\/ul>\n\n\n","protected":false},"excerpt":{"rendered":"<p>Servicios en dise\u00f1o y comunicaci\u00f3n gr\u00e1fica. Con gran experiencia en dise\u00f1o editorial, dise\u00f1o publicit\u00e1rio, y de packaging y dise\u00f1o y desarrollo web. Gestionando y haciendo seguimiento de impresi\u00f3n para poder garantizar los mejores resultados. Ideamos, desarrollamos y aplicamos estrategias de comunicaci\u00f3n integrales, desde la Identidad corporativa, fotograf\u00eda y publicidad, hasta el dise\u00f1o de aplicaciones y [&hellip;]<\/p>\n","protected":false},"author":1,"featured_media":0,"parent":1473,"menu_order":0,"comment_status":"closed","ping_status":"closed","template":"page-fotografia-parent.php","meta":{"_acf_changed":false,"footnotes":""},"class_list":["post-387","page","type-page","status-publish","hentry"],"acf":[],"yoast_head":"<!-- This site is optimized with the Yoast SEO plugin v26.6 - https:\/\/yoast.com\/wordpress\/plugins\/seo\/ -->\n<title>Dise\u00f1o Gr\u00e1fico - Jloisbocos<\/title>\n<meta name=\"robots\" content=\"noindex, follow, max-snippet:-1, max-image-preview:large, max-video-preview:-1\" \/>\n<meta property=\"og:locale\" content=\"pt_PT\" \/>\n<meta property=\"og:type\" content=\"article\" \/>\n<meta property=\"og:title\" content=\"Dise\u00f1o Gr\u00e1fico - Jloisbocos\" \/>\n<meta property=\"og:description\" content=\"Servicios en dise\u00f1o y comunicaci\u00f3n gr\u00e1fica. Con gran experiencia en dise\u00f1o editorial, dise\u00f1o publicit\u00e1rio, y de packaging y dise\u00f1o y desarrollo web. Gestionando y haciendo seguimiento de impresi\u00f3n para poder garantizar los mejores resultados. Ideamos, desarrollamos y aplicamos estrategias de comunicaci\u00f3n integrales, desde la Identidad corporativa, fotograf\u00eda y publicidad, hasta el dise\u00f1o de aplicaciones y [&hellip;]\" \/>\n<meta property=\"og:url\" content=\"https:\/\/www.jloisbocos.com\/pt-pt\/servicios\/diseno\/\" \/>\n<meta property=\"og:site_name\" content=\"Jloisbocos\" \/>\n<meta property=\"article:modified_time\" content=\"2025-01-23T12:07:51+00:00\" \/>\n<meta name=\"twitter:card\" content=\"summary_large_image\" \/>\n<meta name=\"twitter:label1\" content=\"Tempo estimado de leitura\" \/>\n\t<meta name=\"twitter:data1\" content=\"1 minuto\" \/>\n<script type=\"application\/ld+json\" class=\"yoast-schema-graph\">{\"@context\":\"https:\/\/schema.org\",\"@graph\":[{\"@type\":\"WebPage\",\"@id\":\"https:\/\/www.jloisbocos.com\/pt-pt\/servicios\/diseno\/\",\"url\":\"https:\/\/www.jloisbocos.com\/pt-pt\/servicios\/diseno\/\",\"name\":\"Dise\u00f1o Gr\u00e1fico - Jloisbocos\",\"isPartOf\":{\"@id\":\"https:\/\/www.jloisbocos.com\/pt-pt\/#website\"},\"datePublished\":\"2023-02-22T15:07:22+00:00\",\"dateModified\":\"2025-01-23T12:07:51+00:00\",\"breadcrumb\":{\"@id\":\"https:\/\/www.jloisbocos.com\/pt-pt\/servicios\/diseno\/#breadcrumb\"},\"inLanguage\":\"pt-PT\",\"potentialAction\":[{\"@type\":\"ReadAction\",\"target\":[\"https:\/\/www.jloisbocos.com\/pt-pt\/servicios\/diseno\/\"]}]},{\"@type\":\"BreadcrumbList\",\"@id\":\"https:\/\/www.jloisbocos.com\/pt-pt\/servicios\/diseno\/#breadcrumb\",\"itemListElement\":[{\"@type\":\"ListItem\",\"position\":1,\"name\":\"In\u00edcio\",\"item\":\"https:\/\/www.jloisbocos.com\/pt-pt\/\"},{\"@type\":\"ListItem\",\"position\":2,\"name\":\"Servicios\",\"item\":\"https:\/\/www.jloisbocos.com\/pt-pt\/servicios\/\"},{\"@type\":\"ListItem\",\"position\":3,\"name\":\"Dise\u00f1o Gr\u00e1fico\"}]},{\"@type\":\"WebSite\",\"@id\":\"https:\/\/www.jloisbocos.com\/pt-pt\/#website\",\"url\":\"https:\/\/www.jloisbocos.com\/pt-pt\/\",\"name\":\"Jloisbocos\",\"description\":\"Fotogr\u00e1fia, dise\u00f1o y 3Dscan\",\"publisher\":{\"@id\":\"https:\/\/www.jloisbocos.com\/pt-pt\/#organization\"},\"potentialAction\":[{\"@type\":\"SearchAction\",\"target\":{\"@type\":\"EntryPoint\",\"urlTemplate\":\"https:\/\/www.jloisbocos.com\/pt-pt\/?s={search_term_string}\"},\"query-input\":{\"@type\":\"PropertyValueSpecification\",\"valueRequired\":true,\"valueName\":\"search_term_string\"}}],\"inLanguage\":\"pt-PT\"},{\"@type\":\"Organization\",\"@id\":\"https:\/\/www.jloisbocos.com\/pt-pt\/#organization\",\"name\":\"Jloisbocos\",\"url\":\"https:\/\/www.jloisbocos.com\/pt-pt\/\",\"logo\":{\"@type\":\"ImageObject\",\"inLanguage\":\"pt-PT\",\"@id\":\"https:\/\/www.jloisbocos.com\/pt-pt\/#\/schema\/logo\/image\/\",\"url\":\"https:\/\/www.jloisbocos.com\/wp-content\/uploads\/2022\/12\/logo.png\",\"contentUrl\":\"https:\/\/www.jloisbocos.com\/wp-content\/uploads\/2022\/12\/logo.png\",\"width\":208,\"height\":42,\"caption\":\"Jloisbocos\"},\"image\":{\"@id\":\"https:\/\/www.jloisbocos.com\/pt-pt\/#\/schema\/logo\/image\/\"}}]}<\/script>\n<!-- \/ Yoast SEO plugin. -->","yoast_head_json":{"title":"Dise\u00f1o Gr\u00e1fico - Jloisbocos","robots":{"index":"noindex","follow":"follow","max-snippet":"max-snippet:-1","max-image-preview":"max-image-preview:large","max-video-preview":"max-video-preview:-1"},"og_locale":"pt_PT","og_type":"article","og_title":"Dise\u00f1o Gr\u00e1fico - Jloisbocos","og_description":"Servicios en dise\u00f1o y comunicaci\u00f3n gr\u00e1fica. Con gran experiencia en dise\u00f1o editorial, dise\u00f1o publicit\u00e1rio, y de packaging y dise\u00f1o y desarrollo web. Gestionando y haciendo seguimiento de impresi\u00f3n para poder garantizar los mejores resultados. Ideamos, desarrollamos y aplicamos estrategias de comunicaci\u00f3n integrales, desde la Identidad corporativa, fotograf\u00eda y publicidad, hasta el dise\u00f1o de aplicaciones y [&hellip;]","og_url":"https:\/\/www.jloisbocos.com\/pt-pt\/servicios\/diseno\/","og_site_name":"Jloisbocos","article_modified_time":"2025-01-23T12:07:51+00:00","twitter_card":"summary_large_image","twitter_misc":{"Tempo estimado de leitura":"1 minuto"},"schema":{"@context":"https:\/\/schema.org","@graph":[{"@type":"WebPage","@id":"https:\/\/www.jloisbocos.com\/pt-pt\/servicios\/diseno\/","url":"https:\/\/www.jloisbocos.com\/pt-pt\/servicios\/diseno\/","name":"Dise\u00f1o Gr\u00e1fico - Jloisbocos","isPartOf":{"@id":"https:\/\/www.jloisbocos.com\/pt-pt\/#website"},"datePublished":"2023-02-22T15:07:22+00:00","dateModified":"2025-01-23T12:07:51+00:00","breadcrumb":{"@id":"https:\/\/www.jloisbocos.com\/pt-pt\/servicios\/diseno\/#breadcrumb"},"inLanguage":"pt-PT","potentialAction":[{"@type":"ReadAction","target":["https:\/\/www.jloisbocos.com\/pt-pt\/servicios\/diseno\/"]}]},{"@type":"BreadcrumbList","@id":"https:\/\/www.jloisbocos.com\/pt-pt\/servicios\/diseno\/#breadcrumb","itemListElement":[{"@type":"ListItem","position":1,"name":"In\u00edcio","item":"https:\/\/www.jloisbocos.com\/pt-pt\/"},{"@type":"ListItem","position":2,"name":"Servicios","item":"https:\/\/www.jloisbocos.com\/pt-pt\/servicios\/"},{"@type":"ListItem","position":3,"name":"Dise\u00f1o Gr\u00e1fico"}]},{"@type":"WebSite","@id":"https:\/\/www.jloisbocos.com\/pt-pt\/#website","url":"https:\/\/www.jloisbocos.com\/pt-pt\/","name":"Jloisbocos","description":"Fotogr\u00e1fia, dise\u00f1o y 3Dscan","publisher":{"@id":"https:\/\/www.jloisbocos.com\/pt-pt\/#organization"},"potentialAction":[{"@type":"SearchAction","target":{"@type":"EntryPoint","urlTemplate":"https:\/\/www.jloisbocos.com\/pt-pt\/?s={search_term_string}"},"query-input":{"@type":"PropertyValueSpecification","valueRequired":true,"valueName":"search_term_string"}}],"inLanguage":"pt-PT"},{"@type":"Organization","@id":"https:\/\/www.jloisbocos.com\/pt-pt\/#organization","name":"Jloisbocos","url":"https:\/\/www.jloisbocos.com\/pt-pt\/","logo":{"@type":"ImageObject","inLanguage":"pt-PT","@id":"https:\/\/www.jloisbocos.com\/pt-pt\/#\/schema\/logo\/image\/","url":"https:\/\/www.jloisbocos.com\/wp-content\/uploads\/2022\/12\/logo.png","contentUrl":"https:\/\/www.jloisbocos.com\/wp-content\/uploads\/2022\/12\/logo.png","width":208,"height":42,"caption":"Jloisbocos"},"image":{"@id":"https:\/\/www.jloisbocos.com\/pt-pt\/#\/schema\/logo\/image\/"}}]}},"jetpack_sharing_enabled":true,"_links":{"self":[{"href":"https:\/\/www.jloisbocos.com\/pt-pt\/wp-json\/wp\/v2\/pages\/387","targetHints":{"allow":["GET"]}}],"collection":[{"href":"https:\/\/www.jloisbocos.com\/pt-pt\/wp-json\/wp\/v2\/pages"}],"about":[{"href":"https:\/\/www.jloisbocos.com\/pt-pt\/wp-json\/wp\/v2\/types\/page"}],"author":[{"embeddable":true,"href":"https:\/\/www.jloisbocos.com\/pt-pt\/wp-json\/wp\/v2\/users\/1"}],"replies":[{"embeddable":true,"href":"https:\/\/www.jloisbocos.com\/pt-pt\/wp-json\/wp\/v2\/comments?post=387"}],"version-history":[{"count":72,"href":"https:\/\/www.jloisbocos.com\/pt-pt\/wp-json\/wp\/v2\/pages\/387\/revisions"}],"predecessor-version":[{"id":2704,"href":"https:\/\/www.jloisbocos.com\/pt-pt\/wp-json\/wp\/v2\/pages\/387\/revisions\/2704"}],"up":[{"embeddable":true,"href":"https:\/\/www.jloisbocos.com\/pt-pt\/wp-json\/wp\/v2\/pages\/1473"}],"wp:attachment":[{"href":"https:\/\/www.jloisbocos.com\/pt-pt\/wp-json\/wp\/v2\/media?parent=387"}],"curies":[{"name":"wp","href":"https:\/\/api.w.org\/{rel}","templated":true}]}}