{"id":440,"date":"2023-02-23T12:19:57","date_gmt":"2023-02-23T12:19:57","guid":{"rendered":"https:\/\/www.jloisbocos.com\/?page_id=440"},"modified":"2025-11-20T16:35:16","modified_gmt":"2025-11-20T16:35:16","slug":"fotografia-para-galerias-y-artistas","status":"publish","type":"page","link":"https:\/\/www.jloisbocos.com\/pt-pt\/servicios\/scanner-3d-fotogrametria\/fotografia-para-galerias-y-artistas\/","title":{"rendered":"Digitalizaci\u00f3n 2D y 3D de obra y patrimonio art\u00edstico"},"content":{"rendered":"\n<p>Se desarrollan servicios para galer\u00edas de arte, museos y artistas, tambi\u00e9n para proyectos de restauraci\u00f3n y conservaci\u00f3n del patrimonio hist\u00f3rico.<\/p>\n\n\n\n<p>La digitalizaci\u00f3n de obra 2D es realizada mediante mediante fotograf\u00eda con especial atenci\u00f3n y cuidando a la fidelidad de los colores y de las texturas.<\/p>\n\n\n\n<p>Digitalizaciones en 3D con fotogrametr\u00eda, escaner l\u00e1ser y\/o luz estructurada, se pueden combinar varias t\u00e9cnicas para obtener los mejores resultados.<\/p>\n\n\n\n<p> Estudiamos cada proyecto y sus caracter\u00edsticas para definir cual es la mejor opcion de toma de datos y as\u00ed obtener los mejores resultados en cada caso especifico.<\/p>\n\n\n\n<p>De la digitalizaci\u00f3n obtenemos modelos 3D, mallas, nubes de puntos o tours virtuales para su posterior estudio, difusi\u00f3n, archivo u otras aplicaciones como restauraci\u00f3n y proyectos.<\/p>\n\n\n\n<p>Tambi\u00e9n se realiza el post-procesado para su publicaci\u00f3n online y en plataformas de estudio y divulgaci\u00f3n<\/p>\n\n\n\n\n\n<figure class=\"wp-block-gallery has-nested-images columns-default is-cropped wp-block-gallery-1 is-layout-flex wp-block-gallery-is-layout-flex\"><\/figure>\n","protected":false},"excerpt":{"rendered":"<p>Se desarrollan servicios para galer\u00edas de arte, museos y artistas, tambi\u00e9n para proyectos de restauraci\u00f3n y conservaci\u00f3n del patrimonio hist\u00f3rico. La digitalizaci\u00f3n de obra 2D es realizada mediante mediante fotograf\u00eda con especial atenci\u00f3n y cuidando a la fidelidad de los colores y de las texturas. Digitalizaciones en 3D con fotogrametr\u00eda, escaner l\u00e1ser y\/o luz estructurada, [&hellip;]<\/p>\n","protected":false},"author":1,"featured_media":803,"parent":639,"menu_order":0,"comment_status":"closed","ping_status":"closed","template":"page-fotografia-parent.php","meta":{"_acf_changed":false,"footnotes":""},"class_list":["post-440","page","type-page","status-publish","has-post-thumbnail","hentry"],"acf":[],"yoast_head":"<!-- This site is optimized with the Yoast SEO plugin v26.6 - https:\/\/yoast.com\/wordpress\/plugins\/seo\/ -->\n<title>Digitalizaci\u00f3n 2D y 3D de obra y patrimonio art\u00edstico - Jloisbocos<\/title>\n<meta name=\"robots\" content=\"noindex, follow, max-snippet:-1, max-image-preview:large, max-video-preview:-1\" \/>\n<meta property=\"og:locale\" content=\"pt_PT\" \/>\n<meta property=\"og:type\" content=\"article\" \/>\n<meta property=\"og:title\" content=\"Digitalizaci\u00f3n 2D y 3D de obra y patrimonio art\u00edstico - Jloisbocos\" \/>\n<meta property=\"og:description\" content=\"Se desarrollan servicios para galer\u00edas de arte, museos y artistas, tambi\u00e9n para proyectos de restauraci\u00f3n y conservaci\u00f3n del patrimonio hist\u00f3rico. La digitalizaci\u00f3n de obra 2D es realizada mediante mediante fotograf\u00eda con especial atenci\u00f3n y cuidando a la fidelidad de los colores y de las texturas. Digitalizaciones en 3D con fotogrametr\u00eda, escaner l\u00e1ser y\/o luz estructurada, [&hellip;]\" \/>\n<meta property=\"og:url\" content=\"https:\/\/www.jloisbocos.com\/pt-pt\/servicios\/scanner-3d-fotogrametria\/fotografia-para-galerias-y-artistas\/\" \/>\n<meta property=\"og:site_name\" content=\"Jloisbocos\" \/>\n<meta property=\"article:modified_time\" content=\"2025-11-20T16:35:16+00:00\" \/>\n<meta property=\"og:image\" content=\"https:\/\/www.jloisbocos.com\/wp-content\/uploads\/2023\/08\/escaner-3D-flautado.jpg\" \/>\n\t<meta property=\"og:image:width\" content=\"1920\" \/>\n\t<meta property=\"og:image:height\" content=\"1080\" \/>\n\t<meta property=\"og:image:type\" content=\"image\/jpeg\" \/>\n<meta name=\"twitter:card\" content=\"summary_large_image\" \/>\n<meta name=\"twitter:label1\" content=\"Tempo estimado de leitura\" \/>\n\t<meta name=\"twitter:data1\" content=\"1 minuto\" \/>\n<script type=\"application\/ld+json\" class=\"yoast-schema-graph\">{\"@context\":\"https:\/\/schema.org\",\"@graph\":[{\"@type\":\"WebPage\",\"@id\":\"https:\/\/www.jloisbocos.com\/pt-pt\/servicios\/scanner-3d-fotogrametria\/fotografia-para-galerias-y-artistas\/\",\"url\":\"https:\/\/www.jloisbocos.com\/pt-pt\/servicios\/scanner-3d-fotogrametria\/fotografia-para-galerias-y-artistas\/\",\"name\":\"Digitalizaci\u00f3n 2D y 3D de obra y patrimonio art\u00edstico - Jloisbocos\",\"isPartOf\":{\"@id\":\"https:\/\/www.jloisbocos.com\/pt-pt\/#website\"},\"primaryImageOfPage\":{\"@id\":\"https:\/\/www.jloisbocos.com\/pt-pt\/servicios\/scanner-3d-fotogrametria\/fotografia-para-galerias-y-artistas\/#primaryimage\"},\"image\":{\"@id\":\"https:\/\/www.jloisbocos.com\/pt-pt\/servicios\/scanner-3d-fotogrametria\/fotografia-para-galerias-y-artistas\/#primaryimage\"},\"thumbnailUrl\":\"https:\/\/www.jloisbocos.com\/wp-content\/uploads\/2023\/08\/escaner-3D-flautado.jpg\",\"datePublished\":\"2023-02-23T12:19:57+00:00\",\"dateModified\":\"2025-11-20T16:35:16+00:00\",\"breadcrumb\":{\"@id\":\"https:\/\/www.jloisbocos.com\/pt-pt\/servicios\/scanner-3d-fotogrametria\/fotografia-para-galerias-y-artistas\/#breadcrumb\"},\"inLanguage\":\"pt-PT\",\"potentialAction\":[{\"@type\":\"ReadAction\",\"target\":[\"https:\/\/www.jloisbocos.com\/pt-pt\/servicios\/scanner-3d-fotogrametria\/fotografia-para-galerias-y-artistas\/\"]}]},{\"@type\":\"ImageObject\",\"inLanguage\":\"pt-PT\",\"@id\":\"https:\/\/www.jloisbocos.com\/pt-pt\/servicios\/scanner-3d-fotogrametria\/fotografia-para-galerias-y-artistas\/#primaryimage\",\"url\":\"https:\/\/www.jloisbocos.com\/wp-content\/uploads\/2023\/08\/escaner-3D-flautado.jpg\",\"contentUrl\":\"https:\/\/www.jloisbocos.com\/wp-content\/uploads\/2023\/08\/escaner-3D-flautado.jpg\",\"width\":1920,\"height\":1080},{\"@type\":\"BreadcrumbList\",\"@id\":\"https:\/\/www.jloisbocos.com\/pt-pt\/servicios\/scanner-3d-fotogrametria\/fotografia-para-galerias-y-artistas\/#breadcrumb\",\"itemListElement\":[{\"@type\":\"ListItem\",\"position\":1,\"name\":\"In\u00edcio\",\"item\":\"https:\/\/www.jloisbocos.com\/pt-pt\/\"},{\"@type\":\"ListItem\",\"position\":2,\"name\":\"Servicios\",\"item\":\"https:\/\/www.jloisbocos.com\/pt-pt\/servicios\/\"},{\"@type\":\"ListItem\",\"position\":3,\"name\":\"Scanner 3D Y fotogrametr\u00eda\",\"item\":\"https:\/\/www.jloisbocos.com\/pt-pt\/servicios\/scanner-3d-fotogrametria\/\"},{\"@type\":\"ListItem\",\"position\":4,\"name\":\"Digitalizaci\u00f3n 2D y 3D de obra y patrimonio art\u00edstico\"}]},{\"@type\":\"WebSite\",\"@id\":\"https:\/\/www.jloisbocos.com\/pt-pt\/#website\",\"url\":\"https:\/\/www.jloisbocos.com\/pt-pt\/\",\"name\":\"Jloisbocos\",\"description\":\"Fotogr\u00e1fia, dise\u00f1o y 3Dscan\",\"publisher\":{\"@id\":\"https:\/\/www.jloisbocos.com\/pt-pt\/#organization\"},\"potentialAction\":[{\"@type\":\"SearchAction\",\"target\":{\"@type\":\"EntryPoint\",\"urlTemplate\":\"https:\/\/www.jloisbocos.com\/pt-pt\/?s={search_term_string}\"},\"query-input\":{\"@type\":\"PropertyValueSpecification\",\"valueRequired\":true,\"valueName\":\"search_term_string\"}}],\"inLanguage\":\"pt-PT\"},{\"@type\":\"Organization\",\"@id\":\"https:\/\/www.jloisbocos.com\/pt-pt\/#organization\",\"name\":\"Jloisbocos\",\"url\":\"https:\/\/www.jloisbocos.com\/pt-pt\/\",\"logo\":{\"@type\":\"ImageObject\",\"inLanguage\":\"pt-PT\",\"@id\":\"https:\/\/www.jloisbocos.com\/pt-pt\/#\/schema\/logo\/image\/\",\"url\":\"https:\/\/www.jloisbocos.com\/wp-content\/uploads\/2022\/12\/logo.png\",\"contentUrl\":\"https:\/\/www.jloisbocos.com\/wp-content\/uploads\/2022\/12\/logo.png\",\"width\":208,\"height\":42,\"caption\":\"Jloisbocos\"},\"image\":{\"@id\":\"https:\/\/www.jloisbocos.com\/pt-pt\/#\/schema\/logo\/image\/\"}}]}<\/script>\n<!-- \/ Yoast SEO plugin. -->","yoast_head_json":{"title":"Digitalizaci\u00f3n 2D y 3D de obra y patrimonio art\u00edstico - Jloisbocos","robots":{"index":"noindex","follow":"follow","max-snippet":"max-snippet:-1","max-image-preview":"max-image-preview:large","max-video-preview":"max-video-preview:-1"},"og_locale":"pt_PT","og_type":"article","og_title":"Digitalizaci\u00f3n 2D y 3D de obra y patrimonio art\u00edstico - Jloisbocos","og_description":"Se desarrollan servicios para galer\u00edas de arte, museos y artistas, tambi\u00e9n para proyectos de restauraci\u00f3n y conservaci\u00f3n del patrimonio hist\u00f3rico. La digitalizaci\u00f3n de obra 2D es realizada mediante mediante fotograf\u00eda con especial atenci\u00f3n y cuidando a la fidelidad de los colores y de las texturas. Digitalizaciones en 3D con fotogrametr\u00eda, escaner l\u00e1ser y\/o luz estructurada, [&hellip;]","og_url":"https:\/\/www.jloisbocos.com\/pt-pt\/servicios\/scanner-3d-fotogrametria\/fotografia-para-galerias-y-artistas\/","og_site_name":"Jloisbocos","article_modified_time":"2025-11-20T16:35:16+00:00","og_image":[{"width":1920,"height":1080,"url":"https:\/\/www.jloisbocos.com\/wp-content\/uploads\/2023\/08\/escaner-3D-flautado.jpg","type":"image\/jpeg"}],"twitter_card":"summary_large_image","twitter_misc":{"Tempo estimado de leitura":"1 minuto"},"schema":{"@context":"https:\/\/schema.org","@graph":[{"@type":"WebPage","@id":"https:\/\/www.jloisbocos.com\/pt-pt\/servicios\/scanner-3d-fotogrametria\/fotografia-para-galerias-y-artistas\/","url":"https:\/\/www.jloisbocos.com\/pt-pt\/servicios\/scanner-3d-fotogrametria\/fotografia-para-galerias-y-artistas\/","name":"Digitalizaci\u00f3n 2D y 3D de obra y patrimonio art\u00edstico - Jloisbocos","isPartOf":{"@id":"https:\/\/www.jloisbocos.com\/pt-pt\/#website"},"primaryImageOfPage":{"@id":"https:\/\/www.jloisbocos.com\/pt-pt\/servicios\/scanner-3d-fotogrametria\/fotografia-para-galerias-y-artistas\/#primaryimage"},"image":{"@id":"https:\/\/www.jloisbocos.com\/pt-pt\/servicios\/scanner-3d-fotogrametria\/fotografia-para-galerias-y-artistas\/#primaryimage"},"thumbnailUrl":"https:\/\/www.jloisbocos.com\/wp-content\/uploads\/2023\/08\/escaner-3D-flautado.jpg","datePublished":"2023-02-23T12:19:57+00:00","dateModified":"2025-11-20T16:35:16+00:00","breadcrumb":{"@id":"https:\/\/www.jloisbocos.com\/pt-pt\/servicios\/scanner-3d-fotogrametria\/fotografia-para-galerias-y-artistas\/#breadcrumb"},"inLanguage":"pt-PT","potentialAction":[{"@type":"ReadAction","target":["https:\/\/www.jloisbocos.com\/pt-pt\/servicios\/scanner-3d-fotogrametria\/fotografia-para-galerias-y-artistas\/"]}]},{"@type":"ImageObject","inLanguage":"pt-PT","@id":"https:\/\/www.jloisbocos.com\/pt-pt\/servicios\/scanner-3d-fotogrametria\/fotografia-para-galerias-y-artistas\/#primaryimage","url":"https:\/\/www.jloisbocos.com\/wp-content\/uploads\/2023\/08\/escaner-3D-flautado.jpg","contentUrl":"https:\/\/www.jloisbocos.com\/wp-content\/uploads\/2023\/08\/escaner-3D-flautado.jpg","width":1920,"height":1080},{"@type":"BreadcrumbList","@id":"https:\/\/www.jloisbocos.com\/pt-pt\/servicios\/scanner-3d-fotogrametria\/fotografia-para-galerias-y-artistas\/#breadcrumb","itemListElement":[{"@type":"ListItem","position":1,"name":"In\u00edcio","item":"https:\/\/www.jloisbocos.com\/pt-pt\/"},{"@type":"ListItem","position":2,"name":"Servicios","item":"https:\/\/www.jloisbocos.com\/pt-pt\/servicios\/"},{"@type":"ListItem","position":3,"name":"Scanner 3D Y fotogrametr\u00eda","item":"https:\/\/www.jloisbocos.com\/pt-pt\/servicios\/scanner-3d-fotogrametria\/"},{"@type":"ListItem","position":4,"name":"Digitalizaci\u00f3n 2D y 3D de obra y patrimonio art\u00edstico"}]},{"@type":"WebSite","@id":"https:\/\/www.jloisbocos.com\/pt-pt\/#website","url":"https:\/\/www.jloisbocos.com\/pt-pt\/","name":"Jloisbocos","description":"Fotogr\u00e1fia, dise\u00f1o y 3Dscan","publisher":{"@id":"https:\/\/www.jloisbocos.com\/pt-pt\/#organization"},"potentialAction":[{"@type":"SearchAction","target":{"@type":"EntryPoint","urlTemplate":"https:\/\/www.jloisbocos.com\/pt-pt\/?s={search_term_string}"},"query-input":{"@type":"PropertyValueSpecification","valueRequired":true,"valueName":"search_term_string"}}],"inLanguage":"pt-PT"},{"@type":"Organization","@id":"https:\/\/www.jloisbocos.com\/pt-pt\/#organization","name":"Jloisbocos","url":"https:\/\/www.jloisbocos.com\/pt-pt\/","logo":{"@type":"ImageObject","inLanguage":"pt-PT","@id":"https:\/\/www.jloisbocos.com\/pt-pt\/#\/schema\/logo\/image\/","url":"https:\/\/www.jloisbocos.com\/wp-content\/uploads\/2022\/12\/logo.png","contentUrl":"https:\/\/www.jloisbocos.com\/wp-content\/uploads\/2022\/12\/logo.png","width":208,"height":42,"caption":"Jloisbocos"},"image":{"@id":"https:\/\/www.jloisbocos.com\/pt-pt\/#\/schema\/logo\/image\/"}}]}},"jetpack_sharing_enabled":true,"_links":{"self":[{"href":"https:\/\/www.jloisbocos.com\/pt-pt\/wp-json\/wp\/v2\/pages\/440","targetHints":{"allow":["GET"]}}],"collection":[{"href":"https:\/\/www.jloisbocos.com\/pt-pt\/wp-json\/wp\/v2\/pages"}],"about":[{"href":"https:\/\/www.jloisbocos.com\/pt-pt\/wp-json\/wp\/v2\/types\/page"}],"author":[{"embeddable":true,"href":"https:\/\/www.jloisbocos.com\/pt-pt\/wp-json\/wp\/v2\/users\/1"}],"replies":[{"embeddable":true,"href":"https:\/\/www.jloisbocos.com\/pt-pt\/wp-json\/wp\/v2\/comments?post=440"}],"version-history":[{"count":93,"href":"https:\/\/www.jloisbocos.com\/pt-pt\/wp-json\/wp\/v2\/pages\/440\/revisions"}],"predecessor-version":[{"id":2896,"href":"https:\/\/www.jloisbocos.com\/pt-pt\/wp-json\/wp\/v2\/pages\/440\/revisions\/2896"}],"up":[{"embeddable":true,"href":"https:\/\/www.jloisbocos.com\/pt-pt\/wp-json\/wp\/v2\/pages\/639"}],"wp:featuredmedia":[{"embeddable":true,"href":"https:\/\/www.jloisbocos.com\/pt-pt\/wp-json\/wp\/v2\/media\/803"}],"wp:attachment":[{"href":"https:\/\/www.jloisbocos.com\/pt-pt\/wp-json\/wp\/v2\/media?parent=440"}],"curies":[{"name":"wp","href":"https:\/\/api.w.org\/{rel}","templated":true}]}}