{"id":89,"date":"2023-02-03T11:25:13","date_gmt":"2023-02-03T11:25:13","guid":{"rendered":"https:\/\/www.jloisbocos.com\/?page_id=89"},"modified":"2025-08-28T14:50:18","modified_gmt":"2025-08-28T14:50:18","slug":"estudio-2","status":"publish","type":"page","link":"https:\/\/www.jloisbocos.com\/pt-pt\/estudio-2\/","title":{"rendered":"El estudio"},"content":{"rendered":"\n<div class=\"wp-block-columns is-layout-flex wp-container-core-columns-is-layout-9d6595d7 wp-block-columns-is-layout-flex\">\n<div class=\"wp-block-column is-layout-flow wp-block-column-is-layout-flow\">\n<p><a href=\"http:\/\/www.webempresas.org\/web\/jloisbocos_web\/servicos\/\">JLoisbocos<\/a>&nbsp;es un estudio creativo dirigido por Juan Lois Bocos con m\u00e1s de 15 a\u00f1os de esperiencia en el sector de la comunicaci\u00f3n en colaboraci\u00f3n con profesionales de diferentes \u00e1reas. Desarrollando una amplia variedad de proyectos, abarcando todo el espectro del dise\u00f1o y la comunicaci\u00f3n visual. Experiencia en dise\u00f1o y marketing web, dise\u00f1o gr\u00e1fico, editorial y corporativo, as\u00ed como en la creaci\u00f3n, direcci\u00f3n y gesti\u00f3n de proyectos. <\/p>\n\n\n\n<p>Ideamos, desarrollamos y aplicamos estrategias de comunicaci\u00f3n integrales, desde la Identidad corporativa, fotograf\u00eda y publicidad, hasta el dise\u00f1o de aplicaciones y desarrollo web . Ofrecemos a nuestros clientes de herramientas de comunicaci\u00f3n y marketing digital que les permitan mostrar sus valores y alcanzar sus metas.<\/p>\n\n\n\n<p>Con experiencia en \u00e1reas como fotograf\u00eda y digitalizaci\u00f3n 2D y 3D mediante fotogrametr\u00eda y otras tecnolog\u00edas como esc\u00e1ner de luz estructurada o laser para la generaci\u00f3n de nubes de puntos y modelos 3D para diferentes aplicaciones. Desde servicios orientados a la conservaci\u00f3n y restauraci\u00f3n del patrimonio hist\u00f3rico, uso comercial digital como modelos NFT, publicidad y metaverso o proyectos de arquitectura.<\/p>\n\n\n\n<p>Tambi\u00e9n cofundador del proyecto\u00a0<a href=\"https:\/\/lazarcera.com\/\" target=\"_blank\" rel=\"noreferrer noopener\">LaZarcera<\/a>, especializado en el dise\u00f1o para bodegas y gourmet, etiquetas, web, packaging fotograf\u00eda y dem\u00e1s aplicaciones para la comunicaci\u00f3n exterior de las bodegas para la promoci\u00f3n de sus vinos y productos. <\/p>\n<\/div>\n\n\n\n<div class=\"wp-block-column is-layout-flow wp-block-column-is-layout-flow\">\n<figure class=\"wp-block-image size-large\"><img loading=\"lazy\" decoding=\"async\" width=\"1024\" height=\"637\" src=\"https:\/\/www.jloisbocos.com\/wp-content\/uploads\/2023\/02\/estudio-diseno-la-zarcera-g-1024x637.jpg\" alt=\"\" class=\"wp-image-415\" srcset=\"https:\/\/www.jloisbocos.com\/wp-content\/uploads\/2023\/02\/estudio-diseno-la-zarcera-g-1024x637.jpg 1024w, https:\/\/www.jloisbocos.com\/wp-content\/uploads\/2023\/02\/estudio-diseno-la-zarcera-g-500x311.jpg 500w, https:\/\/www.jloisbocos.com\/wp-content\/uploads\/2023\/02\/estudio-diseno-la-zarcera-g-768x478.jpg 768w, https:\/\/www.jloisbocos.com\/wp-content\/uploads\/2023\/02\/estudio-diseno-la-zarcera-g.jpg 1500w\" sizes=\"auto, (max-width: 1024px) 100vw, 1024px\" \/><\/figure>\n<\/div>\n<\/div>\n","protected":false},"excerpt":{"rendered":"<p>JLoisbocos&nbsp;es un estudio creativo dirigido por Juan Lois Bocos con m\u00e1s de 15 a\u00f1os de esperiencia en el sector de la comunicaci\u00f3n en colaboraci\u00f3n con profesionales de diferentes \u00e1reas. Desarrollando una amplia variedad de proyectos, abarcando todo el espectro del dise\u00f1o y la comunicaci\u00f3n visual. Experiencia en dise\u00f1o y marketing web, dise\u00f1o gr\u00e1fico, editorial y [&hellip;]<\/p>\n","protected":false},"author":1,"featured_media":415,"parent":0,"menu_order":0,"comment_status":"closed","ping_status":"closed","template":"","meta":{"_acf_changed":false,"footnotes":""},"class_list":["post-89","page","type-page","status-publish","has-post-thumbnail","hentry"],"acf":[],"yoast_head":"<!-- This site is optimized with the Yoast SEO plugin v26.6 - https:\/\/yoast.com\/wordpress\/plugins\/seo\/ -->\n<title>El estudio - Jloisbocos<\/title>\n<meta name=\"robots\" content=\"noindex, follow, max-snippet:-1, max-image-preview:large, max-video-preview:-1\" \/>\n<meta property=\"og:locale\" content=\"pt_PT\" \/>\n<meta property=\"og:type\" content=\"article\" \/>\n<meta property=\"og:title\" content=\"El estudio - Jloisbocos\" \/>\n<meta property=\"og:description\" content=\"JLoisbocos&nbsp;es un estudio creativo dirigido por Juan Lois Bocos con m\u00e1s de 15 a\u00f1os de esperiencia en el sector de la comunicaci\u00f3n en colaboraci\u00f3n con profesionales de diferentes \u00e1reas. Desarrollando una amplia variedad de proyectos, abarcando todo el espectro del dise\u00f1o y la comunicaci\u00f3n visual. Experiencia en dise\u00f1o y marketing web, dise\u00f1o gr\u00e1fico, editorial y [&hellip;]\" \/>\n<meta property=\"og:url\" content=\"https:\/\/www.jloisbocos.com\/pt-pt\/estudio-2\/\" \/>\n<meta property=\"og:site_name\" content=\"Jloisbocos\" \/>\n<meta property=\"article:modified_time\" content=\"2025-08-28T14:50:18+00:00\" \/>\n<meta property=\"og:image\" content=\"https:\/\/www.jloisbocos.com\/wp-content\/uploads\/2023\/02\/estudio-diseno-la-zarcera-g.jpg\" \/>\n\t<meta property=\"og:image:width\" content=\"1500\" \/>\n\t<meta property=\"og:image:height\" content=\"933\" \/>\n\t<meta property=\"og:image:type\" content=\"image\/jpeg\" \/>\n<meta name=\"twitter:card\" content=\"summary_large_image\" \/>\n<meta name=\"twitter:label1\" content=\"Tempo estimado de leitura\" \/>\n\t<meta name=\"twitter:data1\" content=\"2 minutos\" \/>\n<script type=\"application\/ld+json\" class=\"yoast-schema-graph\">{\"@context\":\"https:\/\/schema.org\",\"@graph\":[{\"@type\":\"WebPage\",\"@id\":\"https:\/\/www.jloisbocos.com\/pt-pt\/estudio-2\/\",\"url\":\"https:\/\/www.jloisbocos.com\/pt-pt\/estudio-2\/\",\"name\":\"El estudio - Jloisbocos\",\"isPartOf\":{\"@id\":\"https:\/\/www.jloisbocos.com\/pt-pt\/#website\"},\"primaryImageOfPage\":{\"@id\":\"https:\/\/www.jloisbocos.com\/pt-pt\/estudio-2\/#primaryimage\"},\"image\":{\"@id\":\"https:\/\/www.jloisbocos.com\/pt-pt\/estudio-2\/#primaryimage\"},\"thumbnailUrl\":\"https:\/\/www.jloisbocos.com\/wp-content\/uploads\/2023\/02\/estudio-diseno-la-zarcera-g.jpg\",\"datePublished\":\"2023-02-03T11:25:13+00:00\",\"dateModified\":\"2025-08-28T14:50:18+00:00\",\"breadcrumb\":{\"@id\":\"https:\/\/www.jloisbocos.com\/pt-pt\/estudio-2\/#breadcrumb\"},\"inLanguage\":\"pt-PT\",\"potentialAction\":[{\"@type\":\"ReadAction\",\"target\":[\"https:\/\/www.jloisbocos.com\/pt-pt\/estudio-2\/\"]}]},{\"@type\":\"ImageObject\",\"inLanguage\":\"pt-PT\",\"@id\":\"https:\/\/www.jloisbocos.com\/pt-pt\/estudio-2\/#primaryimage\",\"url\":\"https:\/\/www.jloisbocos.com\/wp-content\/uploads\/2023\/02\/estudio-diseno-la-zarcera-g.jpg\",\"contentUrl\":\"https:\/\/www.jloisbocos.com\/wp-content\/uploads\/2023\/02\/estudio-diseno-la-zarcera-g.jpg\",\"width\":1500,\"height\":933},{\"@type\":\"BreadcrumbList\",\"@id\":\"https:\/\/www.jloisbocos.com\/pt-pt\/estudio-2\/#breadcrumb\",\"itemListElement\":[{\"@type\":\"ListItem\",\"position\":1,\"name\":\"In\u00edcio\",\"item\":\"https:\/\/www.jloisbocos.com\/pt-pt\/\"},{\"@type\":\"ListItem\",\"position\":2,\"name\":\"El estudio\"}]},{\"@type\":\"WebSite\",\"@id\":\"https:\/\/www.jloisbocos.com\/pt-pt\/#website\",\"url\":\"https:\/\/www.jloisbocos.com\/pt-pt\/\",\"name\":\"Jloisbocos\",\"description\":\"Fotogr\u00e1fia, dise\u00f1o y 3Dscan\",\"publisher\":{\"@id\":\"https:\/\/www.jloisbocos.com\/pt-pt\/#organization\"},\"potentialAction\":[{\"@type\":\"SearchAction\",\"target\":{\"@type\":\"EntryPoint\",\"urlTemplate\":\"https:\/\/www.jloisbocos.com\/pt-pt\/?s={search_term_string}\"},\"query-input\":{\"@type\":\"PropertyValueSpecification\",\"valueRequired\":true,\"valueName\":\"search_term_string\"}}],\"inLanguage\":\"pt-PT\"},{\"@type\":\"Organization\",\"@id\":\"https:\/\/www.jloisbocos.com\/pt-pt\/#organization\",\"name\":\"Jloisbocos\",\"url\":\"https:\/\/www.jloisbocos.com\/pt-pt\/\",\"logo\":{\"@type\":\"ImageObject\",\"inLanguage\":\"pt-PT\",\"@id\":\"https:\/\/www.jloisbocos.com\/pt-pt\/#\/schema\/logo\/image\/\",\"url\":\"https:\/\/www.jloisbocos.com\/wp-content\/uploads\/2022\/12\/logo.png\",\"contentUrl\":\"https:\/\/www.jloisbocos.com\/wp-content\/uploads\/2022\/12\/logo.png\",\"width\":208,\"height\":42,\"caption\":\"Jloisbocos\"},\"image\":{\"@id\":\"https:\/\/www.jloisbocos.com\/pt-pt\/#\/schema\/logo\/image\/\"}}]}<\/script>\n<!-- \/ Yoast SEO plugin. -->","yoast_head_json":{"title":"El estudio - Jloisbocos","robots":{"index":"noindex","follow":"follow","max-snippet":"max-snippet:-1","max-image-preview":"max-image-preview:large","max-video-preview":"max-video-preview:-1"},"og_locale":"pt_PT","og_type":"article","og_title":"El estudio - Jloisbocos","og_description":"JLoisbocos&nbsp;es un estudio creativo dirigido por Juan Lois Bocos con m\u00e1s de 15 a\u00f1os de esperiencia en el sector de la comunicaci\u00f3n en colaboraci\u00f3n con profesionales de diferentes \u00e1reas. Desarrollando una amplia variedad de proyectos, abarcando todo el espectro del dise\u00f1o y la comunicaci\u00f3n visual. Experiencia en dise\u00f1o y marketing web, dise\u00f1o gr\u00e1fico, editorial y [&hellip;]","og_url":"https:\/\/www.jloisbocos.com\/pt-pt\/estudio-2\/","og_site_name":"Jloisbocos","article_modified_time":"2025-08-28T14:50:18+00:00","og_image":[{"width":1500,"height":933,"url":"https:\/\/www.jloisbocos.com\/wp-content\/uploads\/2023\/02\/estudio-diseno-la-zarcera-g.jpg","type":"image\/jpeg"}],"twitter_card":"summary_large_image","twitter_misc":{"Tempo estimado de leitura":"2 minutos"},"schema":{"@context":"https:\/\/schema.org","@graph":[{"@type":"WebPage","@id":"https:\/\/www.jloisbocos.com\/pt-pt\/estudio-2\/","url":"https:\/\/www.jloisbocos.com\/pt-pt\/estudio-2\/","name":"El estudio - Jloisbocos","isPartOf":{"@id":"https:\/\/www.jloisbocos.com\/pt-pt\/#website"},"primaryImageOfPage":{"@id":"https:\/\/www.jloisbocos.com\/pt-pt\/estudio-2\/#primaryimage"},"image":{"@id":"https:\/\/www.jloisbocos.com\/pt-pt\/estudio-2\/#primaryimage"},"thumbnailUrl":"https:\/\/www.jloisbocos.com\/wp-content\/uploads\/2023\/02\/estudio-diseno-la-zarcera-g.jpg","datePublished":"2023-02-03T11:25:13+00:00","dateModified":"2025-08-28T14:50:18+00:00","breadcrumb":{"@id":"https:\/\/www.jloisbocos.com\/pt-pt\/estudio-2\/#breadcrumb"},"inLanguage":"pt-PT","potentialAction":[{"@type":"ReadAction","target":["https:\/\/www.jloisbocos.com\/pt-pt\/estudio-2\/"]}]},{"@type":"ImageObject","inLanguage":"pt-PT","@id":"https:\/\/www.jloisbocos.com\/pt-pt\/estudio-2\/#primaryimage","url":"https:\/\/www.jloisbocos.com\/wp-content\/uploads\/2023\/02\/estudio-diseno-la-zarcera-g.jpg","contentUrl":"https:\/\/www.jloisbocos.com\/wp-content\/uploads\/2023\/02\/estudio-diseno-la-zarcera-g.jpg","width":1500,"height":933},{"@type":"BreadcrumbList","@id":"https:\/\/www.jloisbocos.com\/pt-pt\/estudio-2\/#breadcrumb","itemListElement":[{"@type":"ListItem","position":1,"name":"In\u00edcio","item":"https:\/\/www.jloisbocos.com\/pt-pt\/"},{"@type":"ListItem","position":2,"name":"El estudio"}]},{"@type":"WebSite","@id":"https:\/\/www.jloisbocos.com\/pt-pt\/#website","url":"https:\/\/www.jloisbocos.com\/pt-pt\/","name":"Jloisbocos","description":"Fotogr\u00e1fia, dise\u00f1o y 3Dscan","publisher":{"@id":"https:\/\/www.jloisbocos.com\/pt-pt\/#organization"},"potentialAction":[{"@type":"SearchAction","target":{"@type":"EntryPoint","urlTemplate":"https:\/\/www.jloisbocos.com\/pt-pt\/?s={search_term_string}"},"query-input":{"@type":"PropertyValueSpecification","valueRequired":true,"valueName":"search_term_string"}}],"inLanguage":"pt-PT"},{"@type":"Organization","@id":"https:\/\/www.jloisbocos.com\/pt-pt\/#organization","name":"Jloisbocos","url":"https:\/\/www.jloisbocos.com\/pt-pt\/","logo":{"@type":"ImageObject","inLanguage":"pt-PT","@id":"https:\/\/www.jloisbocos.com\/pt-pt\/#\/schema\/logo\/image\/","url":"https:\/\/www.jloisbocos.com\/wp-content\/uploads\/2022\/12\/logo.png","contentUrl":"https:\/\/www.jloisbocos.com\/wp-content\/uploads\/2022\/12\/logo.png","width":208,"height":42,"caption":"Jloisbocos"},"image":{"@id":"https:\/\/www.jloisbocos.com\/pt-pt\/#\/schema\/logo\/image\/"}}]}},"jetpack_sharing_enabled":true,"_links":{"self":[{"href":"https:\/\/www.jloisbocos.com\/pt-pt\/wp-json\/wp\/v2\/pages\/89","targetHints":{"allow":["GET"]}}],"collection":[{"href":"https:\/\/www.jloisbocos.com\/pt-pt\/wp-json\/wp\/v2\/pages"}],"about":[{"href":"https:\/\/www.jloisbocos.com\/pt-pt\/wp-json\/wp\/v2\/types\/page"}],"author":[{"embeddable":true,"href":"https:\/\/www.jloisbocos.com\/pt-pt\/wp-json\/wp\/v2\/users\/1"}],"replies":[{"embeddable":true,"href":"https:\/\/www.jloisbocos.com\/pt-pt\/wp-json\/wp\/v2\/comments?post=89"}],"version-history":[{"count":7,"href":"https:\/\/www.jloisbocos.com\/pt-pt\/wp-json\/wp\/v2\/pages\/89\/revisions"}],"predecessor-version":[{"id":2868,"href":"https:\/\/www.jloisbocos.com\/pt-pt\/wp-json\/wp\/v2\/pages\/89\/revisions\/2868"}],"wp:featuredmedia":[{"embeddable":true,"href":"https:\/\/www.jloisbocos.com\/pt-pt\/wp-json\/wp\/v2\/media\/415"}],"wp:attachment":[{"href":"https:\/\/www.jloisbocos.com\/pt-pt\/wp-json\/wp\/v2\/media?parent=89"}],"curies":[{"name":"wp","href":"https:\/\/api.w.org\/{rel}","templated":true}]}}