{"id":938,"date":"2023-08-10T15:36:03","date_gmt":"2023-08-10T15:36:03","guid":{"rendered":"https:\/\/www.jloisbocos.com\/?page_id=938"},"modified":"2025-11-20T21:39:36","modified_gmt":"2025-11-20T21:39:36","slug":"digitalizacion-de-arte-nft-para-artistas-galerias-y-museos","status":"publish","type":"page","link":"https:\/\/www.jloisbocos.com\/pt-pt\/servicios\/scanner-3d-fotogrametria\/fotografia-para-galerias-y-artistas\/digitalizacion-de-arte-nft-para-artistas-galerias-y-museos\/","title":{"rendered":"Digitalizaci\u00f3n de arte NFT para artistas, galer\u00edas y museos"},"content":{"rendered":"\n<p>Servicios de digitalizaci\u00f3n de obras de arte para su publicaci\u00f3n virtual.<\/p>\n","protected":false},"excerpt":{"rendered":"<p>Servicios de digitalizaci\u00f3n de obras de arte para su publicaci\u00f3n virtual.<\/p>\n","protected":false},"author":1,"featured_media":0,"parent":440,"menu_order":0,"comment_status":"closed","ping_status":"closed","template":"page-fotografia-parent.php","meta":{"_acf_changed":false,"footnotes":""},"class_list":["post-938","page","type-page","status-publish","hentry"],"acf":[],"yoast_head":"<!-- This site is optimized with the Yoast SEO plugin v26.6 - https:\/\/yoast.com\/wordpress\/plugins\/seo\/ -->\n<title>Digitalizaci\u00f3n de arte NFT para artistas, galer\u00edas y museos - Jloisbocos<\/title>\n<meta name=\"robots\" content=\"noindex, follow, max-snippet:-1, max-image-preview:large, max-video-preview:-1\" \/>\n<meta property=\"og:locale\" content=\"pt_PT\" \/>\n<meta property=\"og:type\" content=\"article\" \/>\n<meta property=\"og:title\" content=\"Digitalizaci\u00f3n de arte NFT para artistas, galer\u00edas y museos - Jloisbocos\" \/>\n<meta property=\"og:description\" content=\"Servicios de digitalizaci\u00f3n de obras de arte para su publicaci\u00f3n virtual.\" \/>\n<meta property=\"og:url\" content=\"https:\/\/www.jloisbocos.com\/pt-pt\/servicios\/scanner-3d-fotogrametria\/fotografia-para-galerias-y-artistas\/digitalizacion-de-arte-nft-para-artistas-galerias-y-museos\/\" \/>\n<meta property=\"og:site_name\" content=\"Jloisbocos\" \/>\n<meta property=\"article:modified_time\" content=\"2025-11-20T21:39:36+00:00\" \/>\n<meta name=\"twitter:card\" content=\"summary_large_image\" \/>\n<meta name=\"twitter:label1\" content=\"Tempo estimado de leitura\" \/>\n\t<meta name=\"twitter:data1\" content=\"1 minuto\" \/>\n<script type=\"application\/ld+json\" class=\"yoast-schema-graph\">{\"@context\":\"https:\/\/schema.org\",\"@graph\":[{\"@type\":\"WebPage\",\"@id\":\"https:\/\/www.jloisbocos.com\/pt-pt\/servicios\/scanner-3d-fotogrametria\/fotografia-para-galerias-y-artistas\/digitalizacion-de-arte-nft-para-artistas-galerias-y-museos\/\",\"url\":\"https:\/\/www.jloisbocos.com\/pt-pt\/servicios\/scanner-3d-fotogrametria\/fotografia-para-galerias-y-artistas\/digitalizacion-de-arte-nft-para-artistas-galerias-y-museos\/\",\"name\":\"Digitalizaci\u00f3n de arte NFT para artistas, galer\u00edas y museos - Jloisbocos\",\"isPartOf\":{\"@id\":\"https:\/\/www.jloisbocos.com\/pt-pt\/#website\"},\"datePublished\":\"2023-08-10T15:36:03+00:00\",\"dateModified\":\"2025-11-20T21:39:36+00:00\",\"breadcrumb\":{\"@id\":\"https:\/\/www.jloisbocos.com\/pt-pt\/servicios\/scanner-3d-fotogrametria\/fotografia-para-galerias-y-artistas\/digitalizacion-de-arte-nft-para-artistas-galerias-y-museos\/#breadcrumb\"},\"inLanguage\":\"pt-PT\",\"potentialAction\":[{\"@type\":\"ReadAction\",\"target\":[\"https:\/\/www.jloisbocos.com\/pt-pt\/servicios\/scanner-3d-fotogrametria\/fotografia-para-galerias-y-artistas\/digitalizacion-de-arte-nft-para-artistas-galerias-y-museos\/\"]}]},{\"@type\":\"BreadcrumbList\",\"@id\":\"https:\/\/www.jloisbocos.com\/pt-pt\/servicios\/scanner-3d-fotogrametria\/fotografia-para-galerias-y-artistas\/digitalizacion-de-arte-nft-para-artistas-galerias-y-museos\/#breadcrumb\",\"itemListElement\":[{\"@type\":\"ListItem\",\"position\":1,\"name\":\"In\u00edcio\",\"item\":\"https:\/\/www.jloisbocos.com\/pt-pt\/\"},{\"@type\":\"ListItem\",\"position\":2,\"name\":\"Servicios\",\"item\":\"https:\/\/www.jloisbocos.com\/pt-pt\/servicios\/\"},{\"@type\":\"ListItem\",\"position\":3,\"name\":\"Scanner 3D Y fotogrametr\u00eda\",\"item\":\"https:\/\/www.jloisbocos.com\/pt-pt\/servicios\/scanner-3d-fotogrametria\/\"},{\"@type\":\"ListItem\",\"position\":4,\"name\":\"Digitalizaci\u00f3n 2D y 3D de obra y patrimonio art\u00edstico\",\"item\":\"https:\/\/www.jloisbocos.com\/pt-pt\/servicios\/scanner-3d-fotogrametria\/fotografia-para-galerias-y-artistas\/\"},{\"@type\":\"ListItem\",\"position\":5,\"name\":\"Digitalizaci\u00f3n de arte NFT para artistas, galer\u00edas y museos\"}]},{\"@type\":\"WebSite\",\"@id\":\"https:\/\/www.jloisbocos.com\/pt-pt\/#website\",\"url\":\"https:\/\/www.jloisbocos.com\/pt-pt\/\",\"name\":\"Jloisbocos\",\"description\":\"Fotogr\u00e1fia, dise\u00f1o y 3Dscan\",\"publisher\":{\"@id\":\"https:\/\/www.jloisbocos.com\/pt-pt\/#organization\"},\"potentialAction\":[{\"@type\":\"SearchAction\",\"target\":{\"@type\":\"EntryPoint\",\"urlTemplate\":\"https:\/\/www.jloisbocos.com\/pt-pt\/?s={search_term_string}\"},\"query-input\":{\"@type\":\"PropertyValueSpecification\",\"valueRequired\":true,\"valueName\":\"search_term_string\"}}],\"inLanguage\":\"pt-PT\"},{\"@type\":\"Organization\",\"@id\":\"https:\/\/www.jloisbocos.com\/pt-pt\/#organization\",\"name\":\"Jloisbocos\",\"url\":\"https:\/\/www.jloisbocos.com\/pt-pt\/\",\"logo\":{\"@type\":\"ImageObject\",\"inLanguage\":\"pt-PT\",\"@id\":\"https:\/\/www.jloisbocos.com\/pt-pt\/#\/schema\/logo\/image\/\",\"url\":\"https:\/\/www.jloisbocos.com\/wp-content\/uploads\/2022\/12\/logo.png\",\"contentUrl\":\"https:\/\/www.jloisbocos.com\/wp-content\/uploads\/2022\/12\/logo.png\",\"width\":208,\"height\":42,\"caption\":\"Jloisbocos\"},\"image\":{\"@id\":\"https:\/\/www.jloisbocos.com\/pt-pt\/#\/schema\/logo\/image\/\"}}]}<\/script>\n<!-- \/ Yoast SEO plugin. -->","yoast_head_json":{"title":"Digitalizaci\u00f3n de arte NFT para artistas, galer\u00edas y museos - Jloisbocos","robots":{"index":"noindex","follow":"follow","max-snippet":"max-snippet:-1","max-image-preview":"max-image-preview:large","max-video-preview":"max-video-preview:-1"},"og_locale":"pt_PT","og_type":"article","og_title":"Digitalizaci\u00f3n de arte NFT para artistas, galer\u00edas y museos - Jloisbocos","og_description":"Servicios de digitalizaci\u00f3n de obras de arte para su publicaci\u00f3n virtual.","og_url":"https:\/\/www.jloisbocos.com\/pt-pt\/servicios\/scanner-3d-fotogrametria\/fotografia-para-galerias-y-artistas\/digitalizacion-de-arte-nft-para-artistas-galerias-y-museos\/","og_site_name":"Jloisbocos","article_modified_time":"2025-11-20T21:39:36+00:00","twitter_card":"summary_large_image","twitter_misc":{"Tempo estimado de leitura":"1 minuto"},"schema":{"@context":"https:\/\/schema.org","@graph":[{"@type":"WebPage","@id":"https:\/\/www.jloisbocos.com\/pt-pt\/servicios\/scanner-3d-fotogrametria\/fotografia-para-galerias-y-artistas\/digitalizacion-de-arte-nft-para-artistas-galerias-y-museos\/","url":"https:\/\/www.jloisbocos.com\/pt-pt\/servicios\/scanner-3d-fotogrametria\/fotografia-para-galerias-y-artistas\/digitalizacion-de-arte-nft-para-artistas-galerias-y-museos\/","name":"Digitalizaci\u00f3n de arte NFT para artistas, galer\u00edas y museos - Jloisbocos","isPartOf":{"@id":"https:\/\/www.jloisbocos.com\/pt-pt\/#website"},"datePublished":"2023-08-10T15:36:03+00:00","dateModified":"2025-11-20T21:39:36+00:00","breadcrumb":{"@id":"https:\/\/www.jloisbocos.com\/pt-pt\/servicios\/scanner-3d-fotogrametria\/fotografia-para-galerias-y-artistas\/digitalizacion-de-arte-nft-para-artistas-galerias-y-museos\/#breadcrumb"},"inLanguage":"pt-PT","potentialAction":[{"@type":"ReadAction","target":["https:\/\/www.jloisbocos.com\/pt-pt\/servicios\/scanner-3d-fotogrametria\/fotografia-para-galerias-y-artistas\/digitalizacion-de-arte-nft-para-artistas-galerias-y-museos\/"]}]},{"@type":"BreadcrumbList","@id":"https:\/\/www.jloisbocos.com\/pt-pt\/servicios\/scanner-3d-fotogrametria\/fotografia-para-galerias-y-artistas\/digitalizacion-de-arte-nft-para-artistas-galerias-y-museos\/#breadcrumb","itemListElement":[{"@type":"ListItem","position":1,"name":"In\u00edcio","item":"https:\/\/www.jloisbocos.com\/pt-pt\/"},{"@type":"ListItem","position":2,"name":"Servicios","item":"https:\/\/www.jloisbocos.com\/pt-pt\/servicios\/"},{"@type":"ListItem","position":3,"name":"Scanner 3D Y fotogrametr\u00eda","item":"https:\/\/www.jloisbocos.com\/pt-pt\/servicios\/scanner-3d-fotogrametria\/"},{"@type":"ListItem","position":4,"name":"Digitalizaci\u00f3n 2D y 3D de obra y patrimonio art\u00edstico","item":"https:\/\/www.jloisbocos.com\/pt-pt\/servicios\/scanner-3d-fotogrametria\/fotografia-para-galerias-y-artistas\/"},{"@type":"ListItem","position":5,"name":"Digitalizaci\u00f3n de arte NFT para artistas, galer\u00edas y museos"}]},{"@type":"WebSite","@id":"https:\/\/www.jloisbocos.com\/pt-pt\/#website","url":"https:\/\/www.jloisbocos.com\/pt-pt\/","name":"Jloisbocos","description":"Fotogr\u00e1fia, dise\u00f1o y 3Dscan","publisher":{"@id":"https:\/\/www.jloisbocos.com\/pt-pt\/#organization"},"potentialAction":[{"@type":"SearchAction","target":{"@type":"EntryPoint","urlTemplate":"https:\/\/www.jloisbocos.com\/pt-pt\/?s={search_term_string}"},"query-input":{"@type":"PropertyValueSpecification","valueRequired":true,"valueName":"search_term_string"}}],"inLanguage":"pt-PT"},{"@type":"Organization","@id":"https:\/\/www.jloisbocos.com\/pt-pt\/#organization","name":"Jloisbocos","url":"https:\/\/www.jloisbocos.com\/pt-pt\/","logo":{"@type":"ImageObject","inLanguage":"pt-PT","@id":"https:\/\/www.jloisbocos.com\/pt-pt\/#\/schema\/logo\/image\/","url":"https:\/\/www.jloisbocos.com\/wp-content\/uploads\/2022\/12\/logo.png","contentUrl":"https:\/\/www.jloisbocos.com\/wp-content\/uploads\/2022\/12\/logo.png","width":208,"height":42,"caption":"Jloisbocos"},"image":{"@id":"https:\/\/www.jloisbocos.com\/pt-pt\/#\/schema\/logo\/image\/"}}]}},"jetpack_sharing_enabled":true,"_links":{"self":[{"href":"https:\/\/www.jloisbocos.com\/pt-pt\/wp-json\/wp\/v2\/pages\/938","targetHints":{"allow":["GET"]}}],"collection":[{"href":"https:\/\/www.jloisbocos.com\/pt-pt\/wp-json\/wp\/v2\/pages"}],"about":[{"href":"https:\/\/www.jloisbocos.com\/pt-pt\/wp-json\/wp\/v2\/types\/page"}],"author":[{"embeddable":true,"href":"https:\/\/www.jloisbocos.com\/pt-pt\/wp-json\/wp\/v2\/users\/1"}],"replies":[{"embeddable":true,"href":"https:\/\/www.jloisbocos.com\/pt-pt\/wp-json\/wp\/v2\/comments?post=938"}],"version-history":[{"count":30,"href":"https:\/\/www.jloisbocos.com\/pt-pt\/wp-json\/wp\/v2\/pages\/938\/revisions"}],"predecessor-version":[{"id":2898,"href":"https:\/\/www.jloisbocos.com\/pt-pt\/wp-json\/wp\/v2\/pages\/938\/revisions\/2898"}],"up":[{"embeddable":true,"href":"https:\/\/www.jloisbocos.com\/pt-pt\/wp-json\/wp\/v2\/pages\/440"}],"wp:attachment":[{"href":"https:\/\/www.jloisbocos.com\/pt-pt\/wp-json\/wp\/v2\/media?parent=938"}],"curies":[{"name":"wp","href":"https:\/\/api.w.org\/{rel}","templated":true}]}}